{"id":118,"date":"2011-01-30T20:23:36","date_gmt":"2011-01-30T18:23:36","guid":{"rendered":"http:\/\/mandata.fi\/kotienpuolesta\/?page_id=118"},"modified":"2024-08-07T17:47:40","modified_gmt":"2024-08-07T14:47:40","slug":"lomakkeet","status":"publish","type":"page","link":"https:\/\/www.kotienpuolesta.fi\/wp\/tietopankki-yhdistystoimijoille\/lomakkeet\/","title":{"rendered":"Lomakkeita"},"content":{"rendered":"<h4>Tarvitessasi word- tai excel-tiedostoja, klikkaa hiiren oikean puoleisella painikkeella linkin p\u00e4\u00e4ll\u00e4 &#8220;tallenna linkki nimell\u00e4&#8221;.<\/h4>\n<h6>P\u00e4ivitetty 5.10.2023<br \/>\n<a href=\"https:\/\/www.kotienpuolesta.fi\/wp\/wp-content\/uploads\/2023\/10\/Esityslista-syyskokous.docx\">Esityslista-syyskokous <strong>(word)<\/strong><\/a><br \/>\n<a href=\"https:\/\/www.kotienpuolesta.fi\/wp\/wp-content\/uploads\/2023\/10\/Toim.tarkastajan-suostumusilmoitus.docx\">Toim.tarkastajan-suostumusilmoitus<\/a> (word)<\/h6>\n<h6>J\u00e4senj\u00e4rjest\u00f6jen kev\u00e4tkokous 2023 materiaalia:<br \/>\n<a href=\"https:\/\/www.kotienpuolesta.fi\/wp\/wp-content\/uploads\/2023\/01\/Esityslista-yhdistysten-kevatkokous-2023-1.pdf\">Esityslista-yhdistysten-kevatkokous-2023 pdf<\/a><br \/>\n<a href=\"https:\/\/www.kotienpuolesta.fi\/wp\/wp-content\/uploads\/2023\/01\/Esityslista-yhdistysten-kevatkokous-2023-1.docx\">Esityslista-yhdistysten-kevatkokous-2023 word<\/a><\/h6>\n<p><a href=\"https:\/\/www.kotienpuolesta.fi\/wp\/wp-content\/uploads\/2023\/01\/Poytakirjanote-2023-pohja-1.docx\">P\u00f6yt\u00e4kirjanote 2023 &#8211; pohja word<\/a><br \/>\n<a href=\"https:\/\/www.kotienpuolesta.fi\/wp\/wp-content\/uploads\/2023\/01\/Poytakirjanote-2023-pohja-1.pdf\">P\u00f6yt\u00e4kirjanote 2023 &#8211; pohja pdf<\/a><\/p>\n<p><a href=\"https:\/\/www.kotienpuolesta.fi\/wp\/wp-content\/uploads\/2023\/02\/Yhd-kevatkok-jasenten-valinta-ja-ehdotukset-keskusliiton-hallitukseen-2023-2025.docx\">!Yhd kev\u00e4tkok j\u00e4senten valinta ja ehdotukset keskusliiton hallitukseen 2023-2025 (word)<\/a><br \/>\n<a href=\"https:\/\/www.kotienpuolesta.fi\/wp\/wp-content\/uploads\/2023\/02\/Yhd-kevatkok-jasenten-valinta-ja-ehdotukset-keskusliiton-hallitukseen-2023-2025.pdf\">!Yhd kev\u00e4tkok j\u00e4senten valinta ja ehdotukset keskusliiton hallitukseen 2023-2025 pdf<\/a><\/p>\n<h4><strong>Matkalaskut 2024<\/strong><\/h4>\n<ul>\n<li><a href=\"https:\/\/www.kotienpuolesta.fi\/wp\/wp-content\/uploads\/2024\/08\/KP-matkalasku-blanco-2024-1.pdf\">KP-matkalasku-blanco-2024<\/a>\u00a0(pdf, ei kaavoja)<\/li>\n<li><a href=\"https:\/\/www.kotienpuolesta.fi\/wp\/wp-content\/uploads\/2023\/01\/KP-matkalasku-blanco-2023.xlsx\"><\/a><a href=\"https:\/\/www.kotienpuolesta.fi\/wp\/wp-content\/uploads\/2023\/01\/KP-matkalasku-blanco-2023.xlsx\"><\/a><a href=\"https:\/\/www.kotienpuolesta.fi\/wp\/wp-content\/uploads\/2024\/08\/KP-matkalasku-blanco-2024-1.xlsx\">KP-matkalasku-blanco-2024<\/a><a href=\"https:\/\/www.kotienpuolesta.fi\/wp\/wp-content\/uploads\/2023\/01\/KP-matkalasku-blanco-2023.xlsx\"> (excel, sis kaavat)<\/a><\/li>\n<\/ul>\n<p><strong>Keskusliiton toimintakertomukset<\/strong><br \/>\n<a href=\"https:\/\/www.kotienpuolesta.fi\/wp\/wp-content\/uploads\/2024\/08\/Kotien-Puolesta-KL-toimintakertomus-2023-valmis.pdf\">Kotien Puolesta KL toimintakertomus 2023- valmis<\/a><br \/>\n<a href=\"https:\/\/www.kotienpuolesta.fi\/wp\/wp-content\/uploads\/2024\/08\/Kotien-Puolesta-KL-toimintakertomus-2022.pdf\">Kotien Puolesta KL toimintakertomus 2022<\/a><br \/>\n<a href=\"https:\/\/www.kotienpuolesta.fi\/wp\/wp-content\/uploads\/2022\/03\/Kotien-Puolesta-KL-toimintakertomus-2021.pdf\">Kotien Puolesta KL toimintakertomus 2021<\/a><\/p>\n<h4>Perusj\u00e4rjest\u00f6jen k\u00e4ytt\u00f6\u00f6n:<\/h4>\n<ul>\n<li><a href=\"https:\/\/www.kotienpuolesta.fi\/wp\/wp-content\/uploads\/2011\/01\/KP-Perusflyeri-A4-sis-bleed.pdf\">Kotien Puolesta -esite<\/a><\/li>\n<li><a href=\"https:\/\/www.kotienpuolesta.fi\/wp\/wp-content\/uploads\/2011\/01\/Ilmo-ohje-FINAL.pdf\">Ilmoittautuminen j\u00e4seneksi tai vapaaehtoiseksi<\/a><\/li>\n<li><a href=\"https:\/\/www.kotienpuolesta.fi\/wp\/wp-content\/uploads\/2019\/01\/Kotien-Puolesta-yhdistysten-tietosuojaselosteen-pohja.docx\">Kotien Puolesta yhdistysten tietosuojaselosteen pohja<\/a> (word)<\/li>\n<\/ul>\n<ul>\n<li><a href=\"https:\/\/www.kotienpuolesta.fi\/wp\/wp-content\/uploads\/2019\/01\/Esityslista-kev\u00e4tkokous.doc\" target=\"_blank\" rel=\"noopener\">Esityslista-kev\u00e4tkokous<\/a> (word)<\/li>\n<li><a href=\"https:\/\/www.kotienpuolesta.fi\/wp-content\/uploads\/2014\/04\/Toimintasuunnitelma-ja-tal.arvio-ei-kaavoja.xls\">Toimintasuunnitelma ja tal.arvio ei kaavoja<\/a>\u00a0(excel)<\/li>\n<li><a href=\"https:\/\/www.kotienpuolesta.fi\/wp-content\/uploads\/2014\/04\/Toimintaselostuslomake.doc\">Toimintaselostuslomake<\/a>\u00a0(word)<\/li>\n<li><a href=\"https:\/\/www.kotienpuolesta.fi\/wp-content\/uploads\/2014\/04\/Toiminnantarkastuskertomus.doc\">Toiminnantarkastuskertomus<\/a>\u00a0(word)<\/li>\n<li><a href=\"https:\/\/www.kotienpuolesta.fi\/wp-content\/uploads\/2014\/04\/Toim.suunnitelma-ja-talousarvio-sis.kaavat.xls\">Toim.suunnitelma ja talousarvio sis.kaavat<\/a> (excel)<\/li>\n<li><a href=\"https:\/\/www.kotienpuolesta.fi\/wp\/wp-content\/uploads\/2011\/01\/TOIMINTA-Avustushak.lomake.doc\">TOIMINTA-Avustushak.lomake<\/a>\u00a0(word)<\/li>\n<li><a href=\"https:\/\/www.kotienpuolesta.fi\/wp\/wp-content\/uploads\/2011\/01\/Toiminta-avustuksen-k\u00e4ytt\u00f6suunnitelma.doc\">Toiminta-avustuksen k\u00e4ytt\u00f6suunnitelma<\/a>\u00a0(word)<\/li>\n<li><a href=\"https:\/\/www.kotienpuolesta.fi\/wp\/wp-content\/uploads\/2011\/01\/Toimihenkil\u00f6ilmoitus.doc\">Toimihenkil\u00f6ilmoitus<\/a>\u00a0(word)<\/li>\n<li><a href=\"https:\/\/www.kotienpuolesta.fi\/wp\/wp-content\/uploads\/2011\/01\/Ilmoitus-l\u00e4himm\u00e4ispalveluntunneista.xlsx\">Ilmoitus l\u00e4himm\u00e4ispalveluntunneista<\/a>\u00a0(excel)<\/li>\n<li><a href=\"https:\/\/www.kotienpuolesta.fi\/wp\/wp-content\/uploads\/2011\/01\/Koontilomake-l\u00e4himm\u00e4ispalveluntunneista.xlsx\">Koontilomake l\u00e4himm\u00e4ispalveluntunneista<\/a>\u00a0(excel)<\/li>\n<\/ul>\n<ul><\/ul>\n<h4>Artsi arvioinnin seurantalomakkeet:<\/h4>\n<p><a href=\"https:\/\/www.artsi-opas.fi\/tyokalut\/\">https:\/\/www.artsi-opas.fi\/tyokalut\/<\/a><\/p>\n<ul><\/ul>\n<hr \/>\n<h4>Ota meihin yhteytt\u00e4 yhteydenottolomakkeella:<\/h4>\n<div role=\"form\" class=\"wpcf7\" id=\"wpcf7-f606-o1\" lang=\"en-US\" dir=\"ltr\">\n<div class=\"screen-reader-response\"><p role=\"status\" aria-live=\"polite\" aria-atomic=\"true\"><\/p> <ul><\/ul><\/div>\n<form action=\"\/wp\/wp-json\/wp\/v2\/pages\/118#wpcf7-f606-o1\" method=\"post\" class=\"wpcf7-form init\" novalidate=\"novalidate\" data-status=\"init\">\n<div style=\"display: none;\">\n<input type=\"hidden\" name=\"_wpcf7\" value=\"606\" \/>\n<input type=\"hidden\" name=\"_wpcf7_version\" value=\"5.5.4\" \/>\n<input type=\"hidden\" name=\"_wpcf7_locale\" value=\"en_US\" \/>\n<input type=\"hidden\" name=\"_wpcf7_unit_tag\" value=\"wpcf7-f606-o1\" \/>\n<input type=\"hidden\" name=\"_wpcf7_container_post\" value=\"0\" \/>\n<input type=\"hidden\" name=\"_wpcf7_posted_data_hash\" value=\"\" \/>\n<\/div>\n<p>Nimi (pakollinen)<br \/>\n    <span class=\"wpcf7-form-control-wrap your-name\"><input type=\"text\" name=\"your-name\" value=\"\" size=\"40\" class=\"wpcf7-form-control wpcf7-text wpcf7-validates-as-required\" aria-required=\"true\" aria-invalid=\"false\" \/><\/span> <\/p>\n<p>S\u00e4hk\u00f6posti (pakollinen)<br \/>\n    <span class=\"wpcf7-form-control-wrap your-email\"><input type=\"email\" name=\"your-email\" value=\"\" size=\"40\" class=\"wpcf7-form-control wpcf7-text wpcf7-email wpcf7-validates-as-required wpcf7-validates-as-email\" aria-required=\"true\" aria-invalid=\"false\" \/><\/span> <\/p>\n<p>Aihe<br \/>\n    <span class=\"wpcf7-form-control-wrap your-subject\"><input type=\"text\" name=\"your-subject\" value=\"\" size=\"40\" class=\"wpcf7-form-control wpcf7-text\" aria-invalid=\"false\" \/><\/span> <\/p>\n<p>Viesti<br \/>\n    <span class=\"wpcf7-form-control-wrap your-message\"><textarea name=\"your-message\" cols=\"40\" rows=\"10\" class=\"wpcf7-form-control wpcf7-textarea\" aria-invalid=\"false\"><\/textarea><\/span> <\/p>\n<p><input type=\"submit\" value=\"L\u00e4het\u00e4\" class=\"wpcf7-form-control has-spinner wpcf7-submit\" \/><\/p>\n<div class=\"wpcf7-response-output\" aria-hidden=\"true\"><\/div><\/form><\/div>\n<p>&nbsp;<\/p>\n","protected":false},"excerpt":{"rendered":"<p>Tarvitessasi word- tai excel-tiedostoja, klikkaa hiiren oikean puoleisella painikkeella linkin p\u00e4\u00e4ll\u00e4 &#8220;tallenna linkki nimell\u00e4&#8221;. P\u00e4ivitetty 5.10.2023 Esityslista-syyskokous (word) Toim.tarkastajan-suostumusilmoitus (word) J\u00e4senj\u00e4rjest\u00f6jen kev\u00e4tkokous 2023 materiaalia: Esityslista-yhdistysten-kevatkokous-2023 pdf Esityslista-yhdistysten-kevatkokous-2023 word P\u00f6yt\u00e4kirjanote 2023 &#8211; pohja word P\u00f6yt\u00e4kirjanote 2023 &#8211; pohja pdf !Yhd kev\u00e4tkok j\u00e4senten valinta ja ehdotukset keskusliiton hallitukseen 2023-2025 (word) !Yhd kev\u00e4tkok [&hellip;]<\/p>\n","protected":false},"author":1,"featured_media":0,"parent":934,"menu_order":10,"comment_status":"closed","ping_status":"closed","template":"","meta":[],"_links":{"self":[{"href":"https:\/\/www.kotienpuolesta.fi\/wp\/wp-json\/wp\/v2\/pages\/118"}],"collection":[{"href":"https:\/\/www.kotienpuolesta.fi\/wp\/wp-json\/wp\/v2\/pages"}],"about":[{"href":"https:\/\/www.kotienpuolesta.fi\/wp\/wp-json\/wp\/v2\/types\/page"}],"author":[{"embeddable":true,"href":"https:\/\/www.kotienpuolesta.fi\/wp\/wp-json\/wp\/v2\/users\/1"}],"replies":[{"embeddable":true,"href":"https:\/\/www.kotienpuolesta.fi\/wp\/wp-json\/wp\/v2\/comments?post=118"}],"version-history":[{"count":66,"href":"https:\/\/www.kotienpuolesta.fi\/wp\/wp-json\/wp\/v2\/pages\/118\/revisions"}],"predecessor-version":[{"id":2395,"href":"https:\/\/www.kotienpuolesta.fi\/wp\/wp-json\/wp\/v2\/pages\/118\/revisions\/2395"}],"up":[{"embeddable":true,"href":"https:\/\/www.kotienpuolesta.fi\/wp\/wp-json\/wp\/v2\/pages\/934"}],"wp:attachment":[{"href":"https:\/\/www.kotienpuolesta.fi\/wp\/wp-json\/wp\/v2\/media?parent=118"}],"curies":[{"name":"wp","href":"https:\/\/api.w.org\/{rel}","templated":true}]}}