{"id":1291,"date":"2017-02-09T10:56:54","date_gmt":"2017-02-09T08:56:54","guid":{"rendered":"http:\/\/www.kotienpuolesta.fi\/wp\/?page_id=1291"},"modified":"2019-08-01T13:08:43","modified_gmt":"2019-08-01T10:08:43","slug":"kumppanuustalo-hilma","status":"publish","type":"page","link":"https:\/\/www.kotienpuolesta.fi\/wp\/kumppanuustalo-hilma\/","title":{"rendered":"Kumppanuustalo Hilma"},"content":{"rendered":"<h3>Kumppanuustalo Hilman hallinnointi siirtyi 1.8.2019 Kotien Puolesta Keskusliitolta Hilman J\u00e4rjest\u00f6t ry:lle.\u00a0<a href=\"https:\/\/www.kotienpuolesta.fi\/wp\/wp-content\/uploads\/2019\/08\/Hilman-hallinnoinnin-siirto-1.8.2019.pdf\">lue lis\u00e4\u00e4&#8230;<\/a><\/h3>\n<p>Kumppanuustalo Hilma on Haminassa toimiva kansalaisten kohtaamispaikka ja j\u00e4rjest\u00f6talo. Hilmassa kokoontuu s\u00e4\u00e4nn\u00f6llisesti yli 60 yhdistyst\u00e4 ja j\u00e4rjest\u00f6\u00e4.<\/p>\n<p>Ravim\u00e4kiyhdistys ry:n Yksill\u00e4 Purjeilla -hanke p\u00e4\u00e4ttyi vuoden 2016 lopussa. Hankkeen aikana k\u00e4ynnistyneiden kumppanuustalojen toiminta Haminassa, Loviisassa ja Kotkassa siirtyi uusien toimijoiden k\u00e4siin.<\/p>\n<p>Kotien Puolesta Keskusliitto ry sai kumppanuustalo Hilmalle kohdennettua toiminta-avustusta vuosille 2017-2019. Kotien Puolesta Keskusliitto ry vastasi Hilman taloudesta ja operatiivisessa ty\u00f6njohdossa oli tiiviisti mukana keskusliiton paikallisyhdistys Vehkalahden-Haminan Kotien Puolesta ry.<\/p>\n<p>Facebook: <a href=\"https:\/\/www.facebook.com\/KumppanuustaloHilma\/\" target=\"_blank\" rel=\"noopener\">Kumppanuustalo Hilma<\/a><\/p>\n<p>Nettisivut:<a href=\"http:\/\/kumppanuustalohilma.fi\/hilma\/\"> Kumppanuustalo Hilma<\/a><\/p>\n<p><a href=\"https:\/\/www.kotienpuolesta.fi\/wp\/wp-content\/uploads\/2019\/04\/HILMA-VUOSIKERTOMUS-2018-valmis.pdf\">Kumppanuustalo Hilman vuosikertomus 2018<\/a><\/p>\n<p><strong>Lis\u00e4tietoa: <\/strong><\/p>\n<p>Kaarina Liljander<\/p>\n<p>Puheenjohtaja<\/p>\n<p>p. 040 065 7115<\/p>\n<p>Hilman J\u00e4rjest\u00f6t ry<\/p>\n<p>&nbsp;<\/p>\n<p>Minna M\u00e4ntt\u00e4ri<\/p>\n<p>Toiminnanjohtaja<\/p>\n<p>p. 040\u00a0751 7955<\/p>\n<p>Kumppanuustalo Hilma<\/p>\n<p>minna.manttari(at)kumppanuustalohilma.fi<\/p>\n","protected":false},"excerpt":{"rendered":"<p>Kumppanuustalo Hilman hallinnointi siirtyi 1.8.2019 Kotien Puolesta Keskusliitolta Hilman J\u00e4rjest\u00f6t ry:lle.\u00a0lue lis\u00e4\u00e4&#8230; Kumppanuustalo Hilma on Haminassa toimiva kansalaisten kohtaamispaikka ja j\u00e4rjest\u00f6talo. Hilmassa kokoontuu s\u00e4\u00e4nn\u00f6llisesti yli 60 yhdistyst\u00e4 ja j\u00e4rjest\u00f6\u00e4. Ravim\u00e4kiyhdistys ry:n Yksill\u00e4 Purjeilla -hanke p\u00e4\u00e4ttyi vuoden 2016 lopussa. Hankkeen aikana k\u00e4ynnistyneiden kumppanuustalojen toiminta Haminassa, Loviisassa ja Kotkassa siirtyi uusien toimijoiden [&hellip;]<\/p>\n","protected":false},"author":1,"featured_media":0,"parent":0,"menu_order":0,"comment_status":"closed","ping_status":"closed","template":"","meta":[],"_links":{"self":[{"href":"https:\/\/www.kotienpuolesta.fi\/wp\/wp-json\/wp\/v2\/pages\/1291"}],"collection":[{"href":"https:\/\/www.kotienpuolesta.fi\/wp\/wp-json\/wp\/v2\/pages"}],"about":[{"href":"https:\/\/www.kotienpuolesta.fi\/wp\/wp-json\/wp\/v2\/types\/page"}],"author":[{"embeddable":true,"href":"https:\/\/www.kotienpuolesta.fi\/wp\/wp-json\/wp\/v2\/users\/1"}],"replies":[{"embeddable":true,"href":"https:\/\/www.kotienpuolesta.fi\/wp\/wp-json\/wp\/v2\/comments?post=1291"}],"version-history":[{"count":15,"href":"https:\/\/www.kotienpuolesta.fi\/wp\/wp-json\/wp\/v2\/pages\/1291\/revisions"}],"predecessor-version":[{"id":1743,"href":"https:\/\/www.kotienpuolesta.fi\/wp\/wp-json\/wp\/v2\/pages\/1291\/revisions\/1743"}],"wp:attachment":[{"href":"https:\/\/www.kotienpuolesta.fi\/wp\/wp-json\/wp\/v2\/media?parent=1291"}],"curies":[{"name":"wp","href":"https:\/\/api.w.org\/{rel}","templated":true}]}}