{"id":263,"date":"2019-05-11T10:43:48","date_gmt":"2019-05-11T07:43:48","guid":{"rendered":"http:\/\/mandata.fi\/kotienpuolesta\/?page_id=263"},"modified":"2023-01-25T12:38:37","modified_gmt":"2023-01-25T10:38:37","slug":"ajankohtaisia-tiedotteita","status":"publish","type":"page","link":"https:\/\/www.kotienpuolesta.fi\/wp\/ajankohtaisia-tiedotteita\/","title":{"rendered":"Ajankohtaista"},"content":{"rendered":"<div class=\"itemBody kl-blog-post-body kl-blog-cols-1\">\n\n\t\t<style type=\"text\/css\">\n\t\t\t#gallery-1 {\n\t\t\t\tmargin: auto;\n\t\t\t}\n\t\t\t#gallery-1 .gallery-item {\n\t\t\t\tfloat: left;\n\t\t\t\tmargin-top: 10px;\n\t\t\t\ttext-align: center;\n\t\t\t\twidth: 100%;\n\t\t\t}\n\t\t\t#gallery-1 img {\n\t\t\t\tborder: 2px solid #cfcfcf;\n\t\t\t}\n\t\t\t#gallery-1 .gallery-caption {\n\t\t\t\tmargin-left: 0;\n\t\t\t}\n\t\t\t\/* see gallery_shortcode() in wp-includes\/media.php *\/\n\t\t<\/style>\n\t\t<div id='gallery-1' class='gallery galleryid-263 gallery-columns-1 gallery-size-full'><dl class='gallery-item'>\n\t\t\t<dt class='gallery-icon portrait'>\n\t\t\t\t<a href='https:\/\/www.kotienpuolesta.fi\/wp\/ajankohtaisia-tiedotteita\/kutsu-kotien-puolesta-xxv-edustajakokous-23042023\/'><img width=\"720\" height=\"1040\" src=\"https:\/\/www.kotienpuolesta.fi\/wp\/wp-content\/uploads\/2023\/01\/Kutsu-Kotien-Puolesta-XXV-edustajakokous-23042023.jpg\" class=\"attachment-full size-full\" alt=\"\" loading=\"lazy\" aria-describedby=\"gallery-1-2266\" srcset=\"https:\/\/www.kotienpuolesta.fi\/wp\/wp-content\/uploads\/2023\/01\/Kutsu-Kotien-Puolesta-XXV-edustajakokous-23042023.jpg 720w, https:\/\/www.kotienpuolesta.fi\/wp\/wp-content\/uploads\/2023\/01\/Kutsu-Kotien-Puolesta-XXV-edustajakokous-23042023-208x300.jpg 208w, https:\/\/www.kotienpuolesta.fi\/wp\/wp-content\/uploads\/2023\/01\/Kutsu-Kotien-Puolesta-XXV-edustajakokous-23042023-709x1024.jpg 709w\" sizes=\"(max-width: 720px) 100vw, 720px\" \/><\/a>\n\t\t\t<\/dt>\n\t\t\t\t<dd class='wp-caption-text gallery-caption' id='gallery-1-2266'>\n\t\t\t\tKOTIEN PUOLESTA KESKUSLIITTO RY:n XXV EDUSTAJAKOKOUS 23.4.2023 JA KOULUTUSP\u00c4IV\u00c4T 23.-24.4.2023  Paikka: V\u00e4h\u00e4j\u00e4rven Lomakoti, Muntsilantie 19, 4680 Alvettula.\n\t\t\t\t<\/dd><\/dl><br style=\"clear: both\" \/>\n\t\t<\/div>\n\n<p style=\"text-align: left;\">\n<\/div>\n<h2><\/h2>\n","protected":false},"excerpt":{"rendered":"","protected":false},"author":1,"featured_media":0,"parent":0,"menu_order":1,"comment_status":"closed","ping_status":"closed","template":"","meta":[],"_links":{"self":[{"href":"https:\/\/www.kotienpuolesta.fi\/wp\/wp-json\/wp\/v2\/pages\/263"}],"collection":[{"href":"https:\/\/www.kotienpuolesta.fi\/wp\/wp-json\/wp\/v2\/pages"}],"about":[{"href":"https:\/\/www.kotienpuolesta.fi\/wp\/wp-json\/wp\/v2\/types\/page"}],"author":[{"embeddable":true,"href":"https:\/\/www.kotienpuolesta.fi\/wp\/wp-json\/wp\/v2\/users\/1"}],"replies":[{"embeddable":true,"href":"https:\/\/www.kotienpuolesta.fi\/wp\/wp-json\/wp\/v2\/comments?post=263"}],"version-history":[{"count":42,"href":"https:\/\/www.kotienpuolesta.fi\/wp\/wp-json\/wp\/v2\/pages\/263\/revisions"}],"predecessor-version":[{"id":2271,"href":"https:\/\/www.kotienpuolesta.fi\/wp\/wp-json\/wp\/v2\/pages\/263\/revisions\/2271"}],"wp:attachment":[{"href":"https:\/\/www.kotienpuolesta.fi\/wp\/wp-json\/wp\/v2\/media?parent=263"}],"curies":[{"name":"wp","href":"https:\/\/api.w.org\/{rel}","templated":true}]}}