{"id":81,"date":"2011-01-30T19:13:15","date_gmt":"2011-01-30T17:13:15","guid":{"rendered":"http:\/\/mandata.fi\/kotienpuolesta\/?page_id=81"},"modified":"2022-12-30T17:10:20","modified_gmt":"2022-12-30T15:10:20","slug":"perusyhdistykset","status":"publish","type":"page","link":"https:\/\/www.kotienpuolesta.fi\/wp\/perusyhdistykset\/","title":{"rendered":"Paikallisyhdistykset"},"content":{"rendered":"<p><strong>Espoon Kotien Puolesta ry <\/strong><br \/>\nPuheenjohtaja:\u00a0Pirkko\u00a0Parikka<br \/>\nLepp\u00e4linnunkuja 3<br \/>\n02620 Espoo<br \/>\np. 040 5814916<br \/>\npirkkoparikka(at)hotmail.com<\/p>\n<p><a href=\"https:\/\/www.facebook.com\/espoonkotienpuolesta\/\" target=\"_blank\" rel=\"noopener noreferrer\">www.facebook.com:\u00a0Espoon Kotien Puolesta Ry<\/a><br \/>\n<a href=\"https:\/\/kotienpuolestaespoo.fi\/\">Kotisivu: Espoon Kotien Puolesta Ry<\/a><\/p>\n<p><strong>Etel\u00e4-H\u00e4meen Kotien Puolesta ry<br \/>\n<\/strong>Puheenjohtaja: <span>Sirkka-Liisa Ojala<\/span><br \/>\n<span>Rimmil\u00e4ntie 14,<br \/>\n14530 LETEENSUO<\/span><br \/>\n<span>p. 040 7293 993<\/span><br \/>\n<span>sirkka-liisa.ojala(at)luukku.com<\/span><\/p>\n<p><a href=\"https:\/\/www.facebook.com\/EtelaHameenKotienPuolestaRy\/?fref=ts\" target=\"_blank\" rel=\"noopener noreferrer\">www.facebook.com: Etel\u00e4-H\u00e4meen Kotien Puolesta Ry<\/a><\/p>\n<p><strong>Haminan Kotien Puolesta ry<br \/>\n<\/strong>Puheenjohtaja:\u00a0 Eeva-Liisa Purovaara<br \/>\nSibeliuskatu 17 as 15<br \/>\n49400 Hamina<br \/>\np. 040 5760 135<br \/>\neeva.purovaara(at)gmail.com<\/p>\n<p><a href=\"https:\/\/www.facebook.com\/search\/top\/?q=HAminan%20kotienpuolesta\">www.facebook.com: Haminan Kotien Puolesta ry\u00a0<\/a><br \/>\n<a href=\"http:\/\/haminankotienpuolesta.fi\/\">Kotisivu: Haminan Kotien Puolesta Ry<\/a><\/p>\n<p><strong>Helsingin Kotien Puolesta ry <\/strong><br \/>\nPuheenjohtaja: Kiialainen Irmeli<br \/>\nRantakartanontie 9 A 1<br \/>\n00910 Helsinki<br \/>\np. 0440 246 522<\/p>\n<p><strong>Ilmajoen Kotien Puolesta ry<\/strong><br \/>\nPuheenjohtaja: Salme Hautala<br \/>\nVaasantie 536 A<br \/>\n61330 Koskenkorva<br \/>\np. 040 547 6058<br \/>\nh.salme(at)gmail.com<\/p>\n<p>Kotisivu: <a href=\"https:\/\/kotienpuolestailmajoki.fi\/\">Ilmajoen Kotien Puolesta Ry<\/a><\/p>\n<p><strong>Joensuun Kotien Puolesta ry<\/strong><br \/>\nPuheenjohtaja: Helena Vuori<br \/>\nKarhunkierros 6 A<br \/>\n80230 Joensuu<br \/>\np. 050 596 8449<br \/>\nhelena.vuori(at)elisanet.fi<\/p>\n<p><a href=\"https:\/\/www.facebook.com\/Joensuun-Kotien-Puolesta-ry-892914680789523\/\" target=\"_blank\" rel=\"noopener noreferrer\">www.facebook.com: Joensuun Kotien Puolesta Ry<\/a><br \/>\nKotisivu: <a href=\"http:\/\/www.kotienpuolestajoensuu.fi\">Joensuun Kotien Puolesta Ry<\/a><\/p>\n<p><strong>Keski-Suomen Kotien Puolesta ry<\/strong><br \/>\nPuheenjohtaja: Markku Paananen<br \/>\nPihtiputaantie 1905<br \/>\n44730 L\u00f6yt\u00e4n\u00e4<br \/>\np. 044 5222 022<br \/>\nmarkkupaananen56(at)gmail.com<\/p>\n<p><a href=\"https:\/\/www.facebook.com\/Keski-Suomen-Kotien-Puolesta-ry-103934342588464\/\">www.facebook.com: Keski-Suomen Kotien Puolesta ry<\/a><br \/>\n<a href=\"https:\/\/kotienpuolestakeskisuomi.fi\/\">Kotisivu: Keski-Suomen Kotien Puolesta Ry\u00a0<\/a><\/p>\n<p><strong>Kymenseudun Kotien Puolesta ry<br \/>\n<\/strong>Puheenjohtaja: Pirkko Suuronen<br \/>\nAlahovintie 1 as 6<br \/>\n48600 Kotka<br \/>\np. 050 5845 961<br \/>\nsuuronenpirkko(at)gmail.com<\/p>\n<p><a href=\"https:\/\/www.facebook.com\/Kymenseudun-Kotien-Puolesta-ry-117437721223392\">www.facebook.com: Kymenseudun Kotien Puolesta ry<\/a><\/p>\n<p><strong>Pohjois-Haagan Kotien Puolesta ry<\/strong><br \/>\nSihteeri: Heli Tynkynniemi<br \/>\nTammisalontie 7 as 40<br \/>\n00830 Helsinki<br \/>\np. 044 596 3657<br \/>\ntynkynniemi(at)hotmail.com<\/p>\n<p><a href=\"https:\/\/www.facebook.com\/Pohjois-Haagan-Kotien-Puolesta-ry-109109135397682\">www.facebook.com: Pohjois-Haagan Kotien Puolesta ry<\/a><br \/>\nKotisivu: <a href=\"https:\/\/kotienpuolestahaaga.fi\/\">Pohjois-Haagan Kotien Puolesta Ry <\/a><\/p>\n<p><strong>Satakunnan Kotien Puolesta ry<\/strong><br \/>\nPuheenjohtaja: Laila Laakso<br \/>\nEtel\u00e4puisto 13 A 5<br \/>\n28100 Pori<br \/>\np. 040 8447 085<br \/>\nlaila.laakso(at)gmail.com<\/p>\n<p><a href=\"https:\/\/www.facebook.com\/Satakunnan-Kotien-Puolesta-ry-366165830518457\">www.facebook.com: Satakunnan Kotien Puolesta ry<\/a><br \/>\nKotisivu<a href=\"https:\/\/kotienpuolestasatakunta.fi\/\">: Satakunnan Kotien Puolesta Ry<\/a><\/p>\n<p><strong>Turun Seudun Kotien Puolesta ry<\/strong><br \/>\nPuheenjohtaja: Leila Tanskanen<br \/>\nSuonkulmantie 61<br \/>\n32430 Ylh\u00e4inen<br \/>\np. 040 515 2309<br \/>\nkotienpuolestaturku(at)gmail.com<\/p>\n<p><strong>Vallilan Kotien Puolesta ry<\/strong><br \/>\nPuheenjohtaja: Tarja J\u00e4rvi\u00f6<br \/>\nPohjolankatu 2 C 62<br \/>\n00610 Helsinki<br \/>\np. 040 771 5803<br \/>\ntjarvio(at)gmail.com<\/p>\n<p><a href=\"https:\/\/www.facebook.com\/VallilanKotienPuolestaRy\/?fref=ts\" target=\"_blank\" rel=\"noopener noreferrer\">www.facebook.com: Vallilan Kotien Puolesta Ry<\/a><\/p>\n<p><strong>Varkauden Seudun Kotien Puolesta ry<\/strong><br \/>\nPuheenjohtaja:\u00a0Helka Partanen<br \/>\nNiskasel\u00e4nkatu 3<br \/>\n78500 Varkaus<br \/>\np. 040 757 7111<br \/>\npartanenhelka1(at)gmail.com<\/p>\n<p><a href=\"https:\/\/www.facebook.com\/search\/top?q=varkauden%20kotien%20puolesta\">www.facebook.com: Varkauden Seudun Kotien Puolesta ry<\/a><\/p>\n<p>&nbsp;<\/p>\n","protected":false},"excerpt":{"rendered":"<p>Espoon Kotien Puolesta ry Puheenjohtaja:\u00a0Pirkko\u00a0Parikka Lepp\u00e4linnunkuja 3 02620 Espoo p. 040 5814916 pirkkoparikka(at)hotmail.com www.facebook.com:\u00a0Espoon Kotien Puolesta Ry Kotisivu: Espoon Kotien Puolesta Ry Etel\u00e4-H\u00e4meen Kotien Puolesta ry Puheenjohtaja: Sirkka-Liisa Ojala Rimmil\u00e4ntie 14, 14530 LETEENSUO p. 040 7293 993 sirkka-liisa.ojala(at)luukku.com www.facebook.com: Etel\u00e4-H\u00e4meen Kotien Puolesta Ry Haminan Kotien Puolesta ry Puheenjohtaja:\u00a0 Eeva-Liisa Purovaara [&hellip;]<\/p>\n","protected":false},"author":1,"featured_media":0,"parent":0,"menu_order":2,"comment_status":"closed","ping_status":"closed","template":"","meta":[],"_links":{"self":[{"href":"https:\/\/www.kotienpuolesta.fi\/wp\/wp-json\/wp\/v2\/pages\/81"}],"collection":[{"href":"https:\/\/www.kotienpuolesta.fi\/wp\/wp-json\/wp\/v2\/pages"}],"about":[{"href":"https:\/\/www.kotienpuolesta.fi\/wp\/wp-json\/wp\/v2\/types\/page"}],"author":[{"embeddable":true,"href":"https:\/\/www.kotienpuolesta.fi\/wp\/wp-json\/wp\/v2\/users\/1"}],"replies":[{"embeddable":true,"href":"https:\/\/www.kotienpuolesta.fi\/wp\/wp-json\/wp\/v2\/comments?post=81"}],"version-history":[{"count":45,"href":"https:\/\/www.kotienpuolesta.fi\/wp\/wp-json\/wp\/v2\/pages\/81\/revisions"}],"predecessor-version":[{"id":2190,"href":"https:\/\/www.kotienpuolesta.fi\/wp\/wp-json\/wp\/v2\/pages\/81\/revisions\/2190"}],"wp:attachment":[{"href":"https:\/\/www.kotienpuolesta.fi\/wp\/wp-json\/wp\/v2\/media?parent=81"}],"curies":[{"name":"wp","href":"https:\/\/api.w.org\/{rel}","templated":true}]}}